{"id":39,"date":"2020-03-22T00:10:09","date_gmt":"2020-03-22T00:10:09","guid":{"rendered":"http:\/\/tf.themedraft.com\/wp\/ukilvai\/?page_id=39"},"modified":"2024-01-29T19:33:22","modified_gmt":"2024-01-29T19:33:22","slug":"services","status":"publish","type":"page","link":"https:\/\/lockleyrobinson.com.mx\/index.php\/services\/","title":{"rendered":"Servicios"},"content":{"rendered":"\t\t<div data-elementor-type=\"wp-page\" data-elementor-id=\"39\" class=\"elementor elementor-39\">\n\t\t\t\t\t\t\t\t\t<section class=\"elementor-section elementor-top-section elementor-element elementor-element-1146f2a0 elementor-section-stretched elementor-section-boxed elementor-section-height-default elementor-section-height-default\" data-id=\"1146f2a0\" data-element_type=\"section\" data-settings=\"{&quot;stretch_section&quot;:&quot;section-stretched&quot;,&quot;background_background&quot;:&quot;classic&quot;}\">\n\t\t\t\t\t\t<div class=\"elementor-container elementor-column-gap-default\">\n\t\t\t\t\t<div class=\"elementor-column elementor-col-100 elementor-top-column elementor-element elementor-element-5f243ff1\" data-id=\"5f243ff1\" data-element_type=\"column\">\n\t\t\t<div class=\"elementor-widget-wrap elementor-element-populated\">\n\t\t\t\t\t\t\t\t<div class=\"elementor-element elementor-element-1fc6183b elementor-widget elementor-widget-themedraft_section_title\" data-id=\"1fc6183b\" data-element_type=\"widget\" data-widget_type=\"themedraft_section_title.default\">\n\t\t\t\t<div class=\"elementor-widget-container\">\n\t\t\t\n        <div class=\"row\">\n            <div class=\"col-lg-12\">\n                <div class=\"td-section-title-wrap\">\n                    <div class=\"td-section-title-content\">\n\n                        <div class=\"subtitle-and-title\">\n                                                        <h6 class=\"subtitle\">Nuestros servicios<\/h6>\n                            \n                            <h2 class=\"title\">Servicios jur\u00eddicos y contables a medida con  Lockley Robinson                            <\/h2>\n                        <\/div>\n                                            <\/div>\n                <\/div>\n            <\/div>\n        <\/div>\n\n\t\t\t\t<\/div>\n\t\t\t\t<\/div>\n\t\t\t\t<div class=\"elementor-element elementor-element-bca1689 elementor-widget elementor-widget-themedraft_service_box\" data-id=\"bca1689\" data-element_type=\"widget\" data-widget_type=\"themedraft_service_box.default\">\n\t\t\t\t<div class=\"elementor-widget-container\">\n\t\t\t\n        <div class=\"row\">\n\n\t\t\t\n                    <div class=\"col-lg-4 col-md-6\">\n\n\t\t\t\t\t\t\n                            <div class=\"td-single-service-box\">\n                                <div class=\"service-box-icon\">\n                                    <div class=\"background-icon\"><i class=\"flaticon-law-hexagon-2\"><\/i><\/div>\n\n                                    <div class=\"service-box-main-icon\">\n\t\t\t\t\t\t\t\t\t\t\t\t\t\t\t\t\t\t\t\t\t<i aria-hidden=\"true\" class=\"td-icon flaticon-business-contract\"><\/i>\t\t\t\t\t\t\t\t\t\t                                    <\/div>\n                                <\/div>\n\n                                <div class=\"service-content\">\n\t\t\t\t\t\t\t\t\t                                        <a href=\"https:\/\/demo.themedraft.net\/wp\/ukilvai\/service\/financial-law\/\" class=\"td-service-title\" >Derecho mercantil<\/a>\n\t\t\t\t\t\t\t\t\t\n                                    <div class=\"service-desc\">\n\t\t\t\t\t\t\t\t\t\t<ul><li style=\"text-align: left;\"><strong>*Constituci\u00f3n de sociedades.<\/strong><\/li><li style=\"text-align: left;\"><strong>*Contratos comerciales.<\/strong><\/li><li style=\"text-align: left;\"><strong>*Litigios mercantiles.<\/strong><\/li><\/ul><p>\u00a0<\/p><p>\u00a0<\/p>                                    <\/div>\n                                <\/div>\n                            <\/div>\n\n\t\t\t\t\t\t\t                    <\/div>\n\n\t\t\t\t\n                    <div class=\"col-lg-4 col-md-6\">\n\n\t\t\t\t\t\t\n                            <div class=\"td-single-service-box\">\n                                <div class=\"service-box-icon\">\n                                    <div class=\"background-icon\"><i class=\"flaticon-law-hexagon-2\"><\/i><\/div>\n\n                                    <div class=\"service-box-main-icon\">\n\t\t\t\t\t\t\t\t\t\t\t\t\t\t\t\t\t\t\t\t\t<i aria-hidden=\"true\" class=\"td-icon flaticon-law-save-money\"><\/i>\t\t\t\t\t\t\t\t\t\t                                    <\/div>\n                                <\/div>\n\n                                <div class=\"service-content\">\n\t\t\t\t\t\t\t\t\t                                        <a href=\"https:\/\/demo.themedraft.net\/wp\/ukilvai\/service\/financial-law\/\" class=\"td-service-title\" >Planificaci\u00f3n fiscal estrat\u00e9gica:<\/a>\n\t\t\t\t\t\t\t\t\t\n                                    <div class=\"service-desc\">\n\t\t\t\t\t\t\t\t\t\t<ul><li style=\"text-align: left;\">*<strong>Asesor\u00eda Fiscal y administrativa<\/strong><\/li><li style=\"text-align: left;\">*<strong>Asesoramiento en procedimientos\u00a0 \u00a0 \u00a0 \u00a0 \u00a0administrativos<\/strong><\/li><li style=\"text-align: left;\"><strong>*Cumplimiento de obligaciones fiscales<\/strong><\/li><\/ul>                                    <\/div>\n                                <\/div>\n                            <\/div>\n\n\t\t\t\t\t\t\t                    <\/div>\n\n\t\t\t\t\n                    <div class=\"col-lg-4 col-md-6\">\n\n\t\t\t\t\t\t\n                            <div class=\"td-single-service-box\">\n                                <div class=\"service-box-icon\">\n                                    <div class=\"background-icon\"><i class=\"flaticon-law-hexagon-2\"><\/i><\/div>\n\n                                    <div class=\"service-box-main-icon\">\n\t\t\t\t\t\t\t\t\t\t\t\t\t\t\t\t\t\t\t\t\t<i aria-hidden=\"true\" class=\"td-icon flaticon-law-toolkit\"><\/i>\t\t\t\t\t\t\t\t\t\t                                    <\/div>\n                                <\/div>\n\n                                <div class=\"service-content\">\n\t\t\t\t\t\t\t\t\t                                        <a href=\"https:\/\/demo.themedraft.net\/wp\/ukilvai\/service\/financial-law\/\" class=\"td-service-title\" >Pago de indemnizaciones:<\/a>\n\t\t\t\t\t\t\t\t\t\n                                    <div class=\"service-desc\">\n\t\t\t\t\t\t\t\t\t\t<ul><li style=\"text-align: left;\"><strong>*Asesoramiento y gesti\u00f3n en casos de indemnizaciones.<\/strong><\/li><li style=\"text-align: left;\"><strong>*Litigios por da\u00f1os y perjuicios.<\/strong><\/li><li style=\"text-align: left;\"><strong>*Negociaci\u00f3n de acuerdos compensatorios.<\/strong><\/li><\/ul>                                    <\/div>\n                                <\/div>\n                            <\/div>\n\n\t\t\t\t\t\t\t                    <\/div>\n\n\t\t\t\t\n                    <div class=\"col-lg-4 col-md-6\">\n\n\t\t\t\t\t\t\n                            <div class=\"td-single-service-box\">\n                                <div class=\"service-box-icon\">\n                                    <div class=\"background-icon\"><i class=\"flaticon-law-hexagon-2\"><\/i><\/div>\n\n                                    <div class=\"service-box-main-icon\">\n\t\t\t\t\t\t\t\t\t\t\t\t\t\t\t\t\t\t\t\t\t<i aria-hidden=\"true\" class=\"td-icon flaticon-business-rich\"><\/i>\t\t\t\t\t\t\t\t\t\t                                    <\/div>\n                                <\/div>\n\n                                <div class=\"service-content\">\n\t\t\t\t\t\t\t\t\t                                        <a href=\"https:\/\/demo.themedraft.net\/wp\/ukilvai\/service\/financial-law\/\" class=\"td-service-title\" >Asesoria contable<\/a>\n\t\t\t\t\t\t\t\t\t\n                                    <div class=\"service-desc\">\n\t\t\t\t\t\t\t\t\t\t<ul><li style=\"text-align: left;\"><strong>*Auditor\u00edas financieras.<\/strong><\/li><li style=\"text-align: left;\"><strong>*Contabilidad estrat\u00e9gica.<\/strong><\/li><li style=\"text-align: left;\"><strong>*Planificaci\u00f3n fiscal y financiera.<\/strong><\/li><li>\u00a0<\/li><\/ul>                                    <\/div>\n                                <\/div>\n                            <\/div>\n\n\t\t\t\t\t\t\t                    <\/div>\n\n\t\t\t\t\n                    <div class=\"col-lg-4 col-md-6\">\n\n\t\t\t\t\t\t\n                            <div class=\"td-single-service-box\">\n                                <div class=\"service-box-icon\">\n                                    <div class=\"background-icon\"><i class=\"flaticon-law-hexagon-2\"><\/i><\/div>\n\n                                    <div class=\"service-box-main-icon\">\n\t\t\t\t\t\t\t\t\t\t\t\t\t\t\t\t\t\t\t\t\t<i aria-hidden=\"true\" class=\"td-icon flaticon-business-female-1\"><\/i>\t\t\t\t\t\t\t\t\t\t                                    <\/div>\n                                <\/div>\n\n                                <div class=\"service-content\">\n\t\t\t\t\t\t\t\t\t                                        <a href=\"https:\/\/demo.themedraft.net\/wp\/ukilvai\/service\/financial-law\/\" class=\"td-service-title\" >Consultor\u00eda empresarial integral<\/a>\n\t\t\t\t\t\t\t\t\t\n                                    <div class=\"service-desc\">\n\t\t\t\t\t\t\t\t\t\t<ul><li style=\"text-align: left;\"><strong>*Desarrollo de estrategias empresariales<\/strong><\/li><li style=\"text-align: left;\"><strong>*Fusiones y adquisiciones<\/strong><\/li><li style=\"text-align: left;\"><strong>*Optimizaci\u00f3n de recursos financieros<\/strong><\/li><\/ul>                                    <\/div>\n                                <\/div>\n                            <\/div>\n\n\t\t\t\t\t\t\t                    <\/div>\n\n\t\t\t\t\n                    <div class=\"col-lg-4 col-md-6\">\n\n\t\t\t\t\t\t\n                            <div class=\"td-single-service-box\">\n                                <div class=\"service-box-icon\">\n                                    <div class=\"background-icon\"><i class=\"flaticon-law-hexagon-2\"><\/i><\/div>\n\n                                    <div class=\"service-box-main-icon\">\n\t\t\t\t\t\t\t\t\t\t\t\t\t\t\t\t\t\t\t\t\t<i aria-hidden=\"true\" class=\"td-icon flaticon-business-collaboration\"><\/i>\t\t\t\t\t\t\t\t\t\t                                    <\/div>\n                                <\/div>\n\n                                <div class=\"service-content\">\n\t\t\t\t\t\t\t\t\t                                        <a href=\"https:\/\/demo.themedraft.net\/wp\/ukilvai\/service\/financial-law\/\" class=\"td-service-title\" >Derecho inmobiliario y notarial<\/a>\n\t\t\t\t\t\t\t\t\t\n                                    <div class=\"service-desc\">\n\t\t\t\t\t\t\t\t\t\t<ul><li style=\"text-align: left;\"><strong>*Escrituras p\u00fablicas.<\/strong><\/li><li style=\"text-align: left;\"><strong>*Testamentos y sucesiones.<\/strong><\/li><li style=\"text-align: left;\"><strong>*Legalizaci\u00f3n de documentos.<\/strong><\/li><\/ul>                                    <\/div>\n                                <\/div>\n                            <\/div>\n\n\t\t\t\t\t\t\t                    <\/div>\n\n\t\t\t\t\n        <\/div>\n\n\t\t\t\t<\/div>\n\t\t\t\t<\/div>\n\t\t\t\t\t<\/div>\n\t\t<\/div>\n\t\t\t\t\t\t\t<\/div>\n\t\t<\/section>\n\t\t\t\t<section class=\"elementor-section elementor-top-section elementor-element elementor-element-5d6e8fb8 elementor-section-stretched elementor-section-full_width elementor-section-height-default elementor-section-height-default\" data-id=\"5d6e8fb8\" data-element_type=\"section\" data-settings=\"{&quot;stretch_section&quot;:&quot;section-stretched&quot;,&quot;background_background&quot;:&quot;classic&quot;}\">\n\t\t\t\t\t\t<div class=\"elementor-container elementor-column-gap-no\">\n\t\t\t\t\t<div class=\"elementor-column elementor-col-100 elementor-top-column elementor-element elementor-element-1af0a0e2\" data-id=\"1af0a0e2\" data-element_type=\"column\">\n\t\t\t<div class=\"elementor-widget-wrap elementor-element-populated\">\n\t\t\t\t\t\t\t\t<div class=\"elementor-element elementor-element-11d7efc5 elementor-widget elementor-widget-themedraft_choose_us_section\" data-id=\"11d7efc5\" data-element_type=\"widget\" data-widget_type=\"themedraft_choose_us_section.default\">\n\t\t\t\t<div class=\"elementor-widget-container\">\n\t\t\t\n        <div class=\"why-choose-us-wrapper\">\n\t        <div class=\"container\">\n\t\t        <div class=\"row\">\n\t\t\t        <div class=\"col-xl-6 col-lg-12\">\n\t\t\t\t        <div class=\"td-section-title-wrap\">\n\t\t\t\t\t        <div class=\"td-section-title-content\">\n\n\t\t\t\t\t\t        <div class=\"subtitle-and-title\">\n\t\t\t\t\t\t\t        \t\t\t\t\t\t\t        <h6\t\t\t\t\t\t\t        class=\"subtitle\">Lockley Robinson<\/h6>\n\t\t\t\t\t\t            \n\t\t\t\t\t\t            <h2 class=\"title\">Facilitando el \u00e9xito empresarial a trav\u00e9s de la excelencia y compromiso\t\t\t\t\t                <\/h2>\n\t\t\t\t                <\/div>\n\n\t\t\t\t\t\t        \t\t\t\t\t\t\t        <div class=\"title-description\">\n\t\t\t\t\t\t\t\t        <p>En Lockley Robinson, nos enorgullece presentar una gama completa de servicios jur\u00eddicos y contables dise\u00f1ados para abordar las necesidades espec\u00edficas de tu empresa. Nos consideramos m\u00e1s que un despacho, somos tus socios estrat\u00e9gicos, comprometidos en ofrecer soluciones integrales que impulsen tu \u00e9xito a nuevos horizontes..<\/p>\t\t\t\t\t\t\t        <\/div>\n\t\t\t\t\t\t        \t\t\t                <\/div>\n\t\t                <\/div>\n\n                        <div class=\"td-left-icon-with-text-wrapper\">\n\n                            \n                            <div class=\"td-single-left-icon-with-text\">\n                                <div class=\"td-left-icon\">\n                                    <div class=\"left-box-background-icon\"><i class=\"flaticon-law-hexagon-2\"><\/i><\/div>\n\n                                    <div class=\"left-box-main-icon\">\n                                                                                    <i aria-hidden=\"true\" class=\"td-icon flaticon-business-together\"><\/i>                                                                            <\/div>\n                                <\/div>\n\n                                <div class=\"text-content\">\n\t\t                                                                    <h4 class=\"td-title\">Soluciones personalizadas<\/h4>\n\t\t                            \n                                    <div class=\"left-icon-with-text-desc\">\n\t\t\t                            <p>Adaptamos nuestros servicios a las necesidades espec\u00edficas de tu empresa, brindando soluciones personalizadas que se alinean perfectamente con tus objetivos y desaf\u00edos particulares..<\/p>                                    <\/div>\n                                <\/div>\n                            <\/div>\n\n                                \n                            <div class=\"td-single-left-icon-with-text\">\n                                <div class=\"td-left-icon\">\n                                    <div class=\"left-box-background-icon\"><i class=\"flaticon-law-hexagon-2\"><\/i><\/div>\n\n                                    <div class=\"left-box-main-icon\">\n                                                                                    <i aria-hidden=\"true\" class=\"td-icon flaticon-business-success\"><\/i>                                                                            <\/div>\n                                <\/div>\n\n                                <div class=\"text-content\">\n\t\t                                                                    <h4 class=\"td-title\">Excelencia y compromiso constante<\/h4>\n\t\t                            \n                                    <div class=\"left-icon-with-text-desc\">\n\t\t\t                            <p>Nuestra firma se distingue por la excelencia en cada detalle y un compromiso constante con la satisfacci\u00f3n del cliente, asegurando que cada servicio supere las expectativas y contribuya al \u00e9xito sostenible de tu empresa.<\/p>                                    <\/div>\n                                <\/div>\n                            <\/div>\n\n                                \n\n\n                        <\/div>\n\t                <\/div>\n\t\t\t\t<\/div>\n\t\t\t<\/div>\n\n\t\t\t<div class=\"section-right-image\">\n\t\t\t\t<img decoding=\"async\" src=\"https:\/\/lockleyrobinson.com.mx\/wp-content\/uploads\/2020\/03\/blog-8.jpg\" alt=\"blog 8\">\n\t\t\t<\/div>\n\n        <\/div>\n\n\n\n\t\t\t\t<\/div>\n\t\t\t\t<\/div>\n\t\t\t\t\t<\/div>\n\t\t<\/div>\n\t\t\t\t\t\t\t<\/div>\n\t\t<\/section>\n\t\t\t\t\t\t\t<\/div>\n\t\t","protected":false},"excerpt":{"rendered":"<p>Nuestros servicios Servicios jur\u00eddicos y contables a medida con Lockley Robinson Derecho mercantil *Constituci\u00f3n de sociedades. *Contratos comerciales. *Litigios mercantiles. \u00a0 \u00a0 Planificaci\u00f3n fiscal estrat\u00e9gica: *Asesor\u00eda Fiscal y administrativa *Asesoramiento en procedimientos\u00a0 \u00a0 \u00a0 \u00a0 \u00a0administrativos *Cumplimiento de obligaciones fiscales Pago de indemnizaciones: *Asesoramiento y gesti\u00f3n en casos de indemnizaciones. *Litigios por da\u00f1os y perjuicios. [&hellip;]<\/p>\n","protected":false},"author":1,"featured_media":0,"parent":0,"menu_order":0,"comment_status":"closed","ping_status":"closed","template":"","meta":{"footnotes":""},"class_list":["post-39","page","type-page","status-publish","hentry"],"_links":{"self":[{"href":"https:\/\/lockleyrobinson.com.mx\/index.php\/wp-json\/wp\/v2\/pages\/39","targetHints":{"allow":["GET"]}}],"collection":[{"href":"https:\/\/lockleyrobinson.com.mx\/index.php\/wp-json\/wp\/v2\/pages"}],"about":[{"href":"https:\/\/lockleyrobinson.com.mx\/index.php\/wp-json\/wp\/v2\/types\/page"}],"author":[{"embeddable":true,"href":"https:\/\/lockleyrobinson.com.mx\/index.php\/wp-json\/wp\/v2\/users\/1"}],"replies":[{"embeddable":true,"href":"https:\/\/lockleyrobinson.com.mx\/index.php\/wp-json\/wp\/v2\/comments?post=39"}],"version-history":[{"count":23,"href":"https:\/\/lockleyrobinson.com.mx\/index.php\/wp-json\/wp\/v2\/pages\/39\/revisions"}],"predecessor-version":[{"id":494,"href":"https:\/\/lockleyrobinson.com.mx\/index.php\/wp-json\/wp\/v2\/pages\/39\/revisions\/494"}],"wp:attachment":[{"href":"https:\/\/lockleyrobinson.com.mx\/index.php\/wp-json\/wp\/v2\/media?parent=39"}],"curies":[{"name":"wp","href":"https:\/\/api.w.org\/{rel}","templated":true}]}}