{"id":43,"date":"2020-03-22T00:11:05","date_gmt":"2020-03-22T00:11:05","guid":{"rendered":"http:\/\/tf.themedraft.com\/wp\/ukilvai\/?page_id=43"},"modified":"2024-01-29T19:29:10","modified_gmt":"2024-01-29T19:29:10","slug":"about-us","status":"publish","type":"page","link":"https:\/\/lockleyrobinson.com.mx\/index.php\/about-us\/","title":{"rendered":"Nosotros"},"content":{"rendered":"\t\t<div data-elementor-type=\"wp-page\" data-elementor-id=\"43\" class=\"elementor elementor-43\">\n\t\t\t\t\t\t\t\t\t<section class=\"elementor-section elementor-top-section elementor-element elementor-element-6b3694ef elementor-section-stretched elementor-section-boxed elementor-section-height-default elementor-section-height-default\" data-id=\"6b3694ef\" data-element_type=\"section\" data-settings=\"{&quot;stretch_section&quot;:&quot;section-stretched&quot;,&quot;background_background&quot;:&quot;classic&quot;}\">\n\t\t\t\t\t\t<div class=\"elementor-container elementor-column-gap-default\">\n\t\t\t\t\t<div class=\"elementor-column elementor-col-50 elementor-top-column elementor-element elementor-element-2d489593\" data-id=\"2d489593\" data-element_type=\"column\">\n\t\t\t<div class=\"elementor-widget-wrap elementor-element-populated\">\n\t\t\t\t\t\t\t\t<div class=\"elementor-element elementor-element-4490b2c0 elementor-widget elementor-widget-themedraft_image_with_text\" data-id=\"4490b2c0\" data-element_type=\"widget\" data-widget_type=\"themedraft_image_with_text.default\">\n\t\t\t\t<div class=\"elementor-widget-container\">\n\t\t\t\n\t\t<div class=\"td-image-widget-wrapper\">\n\t\t\t<div class=\"td-image-container\">\n\t\t\t\t<div class=\"td-image-and-text-wrapper\">\n\t\t\t\t    <img decoding=\"async\" src=\"https:\/\/lockleyrobinson.com.mx\/wp-content\/uploads\/2024\/01\/charlesdeluvio-rRWiVQzLm7k-unsplash-scaled.jpeg\" alt=\"\">\n\n                    <div class=\"text-box\">\n                        <span class=\"color-text\"><\/span>\n                        <div class=\"normal-text\">\n                                                    <\/div>\n                    <\/div>\n                <\/div>\n\t\t\t<\/div>\n\t\t<\/div>\n\n\t\t\t\t<\/div>\n\t\t\t\t<\/div>\n\t\t\t\t\t<\/div>\n\t\t<\/div>\n\t\t\t\t<div class=\"elementor-column elementor-col-50 elementor-top-column elementor-element elementor-element-186fcfa\" data-id=\"186fcfa\" data-element_type=\"column\">\n\t\t\t<div class=\"elementor-widget-wrap elementor-element-populated\">\n\t\t\t\t\t\t\t\t<div class=\"elementor-element elementor-element-6363a40a elementor-widget elementor-widget-themedraft_section_title\" data-id=\"6363a40a\" data-element_type=\"widget\" data-widget_type=\"themedraft_section_title.default\">\n\t\t\t\t<div class=\"elementor-widget-container\">\n\t\t\t\n        <div class=\"row\">\n            <div class=\"col-lg-12\">\n                <div class=\"td-section-title-wrap\">\n                    <div class=\"td-section-title-content\">\n\n                        <div class=\"subtitle-and-title\">\n                                                        <h6 class=\"subtitle\">Lockley Robinson:<\/h6>\n                            \n                            <h2 class=\"title\">M\u00e1s all\u00e1 de la asesor\u00eda, creando trayectorias de \u00e9xito empresarial                            <\/h2>\n                        <\/div>\n                                            <\/div>\n                <\/div>\n            <\/div>\n        <\/div>\n\n\t\t\t\t<\/div>\n\t\t\t\t<\/div>\n\t\t\t\t<div class=\"elementor-element elementor-element-743402f5 elementor-widget elementor-widget-themedraft_text_with_title\" data-id=\"743402f5\" data-element_type=\"widget\" data-widget_type=\"themedraft_text_with_title.default\">\n\t\t\t\t<div class=\"elementor-widget-container\">\n\t\t\t        <div class=\"td-text-with-title-wrapper\">\n            <h2 class=\"title\"><\/h2>\n            <div class=\"text\">\n                <p>En Lockley Robinson, no somos solo un despacho jur\u00eddico y contable; somos arquitectos de trayectorias empresariales exitosas. Fundada con la visi\u00f3n de proporcionar servicios integrales y personalizados, nuestra empresa se ha convertido en un faro de excelencia en el mundo legal y contable.<\/p><p><strong>Compromiso con la excelencia:<\/strong> Nuestro compromiso con la excelencia impulsa cada aspecto de nuestra operaci\u00f3n. Desde el an\u00e1lisis inicial de un caso hasta la implementaci\u00f3n de estrategias innovadoras, perseguimos incansablemente la calidad en cada detalle. Este compromiso nos ha posicionado como l\u00edderes en un mercado donde la pericia y la dedicaci\u00f3n marcan la diferencia.<\/p><p><strong>Servicio al cliente:<\/strong> En el coraz\u00f3n de nuestra filosof\u00eda est\u00e1 la pasi\u00f3n por el servicio al cliente. Valoramos cada relaci\u00f3n construida a lo largo de los a\u00f1os, entendiendo que el \u00e9xito de nuestros clientes es el verdadero reflejo de nuestro propio \u00e9xito. Nuestra dedicaci\u00f3n a comprender sus necesidades espec\u00edficas y ofrecer soluciones adaptadas es la base de estas relaciones duraderas.<\/p><p><strong>Innovaci\u00f3n y adaptabilidad:<\/strong> El entorno empresarial y legal evoluciona constantemente, y en Lockley Robinson, abrazamos la innovaci\u00f3n y la adaptabilidad como principios fundamentales. Mantenemos nuestra agudeza intelectual a trav\u00e9s de la formaci\u00f3n continua y la b\u00fasqueda constante de nuevas formas de abordar los desaf\u00edos empresariales emergentes.<\/p><p><strong>\u00c9tica profesional y transparencia:<\/strong> Guiados por s\u00f3lidos principios \u00e9ticos, operamos con transparencia y honestidad en cada interacci\u00f3n. Creemos que la integridad es la base de la confianza, y esta confianza es esencial para construir relaciones s\u00f3lidas y duraderas con nuestros clientes.<\/p>            <\/div>\n        <\/div>\n\n\n        \t\t<\/div>\n\t\t\t\t<\/div>\n\t\t\t\t\t<\/div>\n\t\t<\/div>\n\t\t\t\t\t\t\t<\/div>\n\t\t<\/section>\n\t\t\t\t<section class=\"elementor-section elementor-top-section elementor-element elementor-element-5af6429f elementor-section-stretched elementor-section-boxed elementor-section-height-default elementor-section-height-default\" data-id=\"5af6429f\" data-element_type=\"section\" data-settings=\"{&quot;stretch_section&quot;:&quot;section-stretched&quot;,&quot;background_background&quot;:&quot;classic&quot;}\">\n\t\t\t\t\t\t<div class=\"elementor-container elementor-column-gap-default\">\n\t\t\t\t\t<div class=\"elementor-column elementor-col-100 elementor-top-column elementor-element elementor-element-4c60b8ea\" data-id=\"4c60b8ea\" data-element_type=\"column\">\n\t\t\t<div class=\"elementor-widget-wrap elementor-element-populated\">\n\t\t\t\t\t\t\t\t<div class=\"elementor-element elementor-element-1d387e34 elementor-widget elementor-widget-themedraft_section_title\" data-id=\"1d387e34\" data-element_type=\"widget\" data-widget_type=\"themedraft_section_title.default\">\n\t\t\t\t<div class=\"elementor-widget-container\">\n\t\t\t\n        <div class=\"row\">\n            <div class=\"col-lg-12\">\n                <div class=\"td-section-title-wrap\">\n                    <div class=\"td-section-title-content\">\n\n                        <div class=\"subtitle-and-title\">\n                                                        <h6 class=\"subtitle\">Nosotros<\/h6>\n                            \n                            <h2 class=\"title\">M\u00e1s all\u00e1 de las palabras, nuestra identidad en acci\u00f3n                            <\/h2>\n                        <\/div>\n                                            <\/div>\n                <\/div>\n            <\/div>\n        <\/div>\n\n\t\t\t\t<\/div>\n\t\t\t\t<\/div>\n\t\t\t\t<div class=\"elementor-element elementor-element-74ba75fa elementor-widget elementor-widget-themedraft_service_box\" data-id=\"74ba75fa\" data-element_type=\"widget\" data-widget_type=\"themedraft_service_box.default\">\n\t\t\t\t<div class=\"elementor-widget-container\">\n\t\t\t\n        <div class=\"row\">\n\n\t\t\t\n                    <div class=\"col-lg-3 col-md-6\">\n\n\t\t\t\t\t\t\n                            <div class=\"td-single-service-box\">\n                                <div class=\"service-box-icon\">\n                                    <div class=\"background-icon\"><i class=\"flaticon-law-hexagon-2\"><\/i><\/div>\n\n                                    <div class=\"service-box-main-icon\">\n\t\t\t\t\t\t\t\t\t\t\t\t\t\t\t\t\t\t\t\t\t<i aria-hidden=\"true\" class=\"td-icon flaticon-business-network\"><\/i>\t\t\t\t\t\t\t\t\t\t                                    <\/div>\n                                <\/div>\n\n                                <div class=\"service-content\">\n\t\t\t\t\t\t\t\t\t                                        <h4 class=\"td-service-title\">Adaptabilidad<\/h4>\n\t\t\t\t\t\t\t\t\t\n                                    <div class=\"service-desc\">\n\t\t\t\t\t\t\t\t\t\t<p>En un entorno empresarial din\u00e1mico, destacamos por nuestra capacidad para adaptarnos a los cambios. Ya sea en regulaciones legales o en el panorama econ\u00f3mico, nos ajustamos r\u00e1pidamente para proteger los intereses de nuestros clientes<\/p>                                    <\/div>\n                                <\/div>\n                            <\/div>\n\n\t\t\t\t\t\t\t                    <\/div>\n\n\t\t\t\t\n                    <div class=\"col-lg-3 col-md-6\">\n\n\t\t\t\t\t\t\n                            <div class=\"td-single-service-box\">\n                                <div class=\"service-box-icon\">\n                                    <div class=\"background-icon\"><i class=\"flaticon-law-hexagon-2\"><\/i><\/div>\n\n                                    <div class=\"service-box-main-icon\">\n\t\t\t\t\t\t\t\t\t\t\t\t\t\t\t\t\t\t\t\t\t<i aria-hidden=\"true\" class=\"td-icon flaticon-law-checklist\"><\/i>\t\t\t\t\t\t\t\t\t\t                                    <\/div>\n                                <\/div>\n\n                                <div class=\"service-content\">\n\t\t\t\t\t\t\t\t\t                                        <a href=\"http:\/\/tf.themedraft.com\/wp\/ukilvai\/service\/financial-law\/\" class=\"td-service-title\" >Colaboraci\u00f3n interna<\/a>\n\t\t\t\t\t\t\t\t\t\n                                    <div class=\"service-desc\">\n\t\t\t\t\t\t\t\t\t\t<p>Fomentamos una cultura de colaboraci\u00f3n interna donde las habilidades individuales convergen para potenciar el rendimiento colectivo. Esto nos permite abordar proyectos complejos con una perspectiva integral.<\/p>                                    <\/div>\n                                <\/div>\n                            <\/div>\n\n\t\t\t\t\t\t\t                    <\/div>\n\n\t\t\t\t\n                    <div class=\"col-lg-3 col-md-6\">\n\n\t\t\t\t\t\t\n                            <div class=\"td-single-service-box\">\n                                <div class=\"service-box-icon\">\n                                    <div class=\"background-icon\"><i class=\"flaticon-law-hexagon-2\"><\/i><\/div>\n\n                                    <div class=\"service-box-main-icon\">\n\t\t\t\t\t\t\t\t\t\t\t\t\t\t\t\t\t\t\t\t\t<i aria-hidden=\"true\" class=\"td-icon flaticon-law-toolkit\"><\/i>\t\t\t\t\t\t\t\t\t\t                                    <\/div>\n                                <\/div>\n\n                                <div class=\"service-content\">\n\t\t\t\t\t\t\t\t\t                                        <a href=\"http:\/\/tf.themedraft.com\/wp\/ukilvai\/service\/financial-law\/\" class=\"td-service-title\" >Transparencia<\/a>\n\t\t\t\t\t\t\t\t\t\n                                    <div class=\"service-desc\">\n\t\t\t\t\t\t\t\t\t\t<p>Fomentamos una cultura de transparencia y comunicaci\u00f3n abierta. Mantenemos a nuestros clientes informados en cada etapa del proceso, garantizando que est\u00e9n empoderados con la informaci\u00f3n que necesitan.<\/p><p>\u00a0<\/p>                                    <\/div>\n                                <\/div>\n                            <\/div>\n\n\t\t\t\t\t\t\t                    <\/div>\n\n\t\t\t\t\n                    <div class=\"col-lg-3 col-md-6\">\n\n\t\t\t\t\t\t\n                            <div class=\"td-single-service-box\">\n                                <div class=\"service-box-icon\">\n                                    <div class=\"background-icon\"><i class=\"flaticon-law-hexagon-2\"><\/i><\/div>\n\n                                    <div class=\"service-box-main-icon\">\n\t\t\t\t\t\t\t\t\t\t\t\t\t\t\t\t\t\t\t\t\t<i aria-hidden=\"true\" class=\"td-icon flaticon-law-auction-1\"><\/i>\t\t\t\t\t\t\t\t\t\t                                    <\/div>\n                                <\/div>\n\n                                <div class=\"service-content\">\n\t\t\t\t\t\t\t\t\t                                        <a href=\"http:\/\/tf.themedraft.com\/wp\/ukilvai\/service\/financial-law\/\" class=\"td-service-title\" >Innovaci\u00f3n<\/a>\n\t\t\t\t\t\t\t\t\t\n                                    <div class=\"service-desc\">\n\t\t\t\t\t\t\t\t\t\t<p>Nos mantenemos a la vanguardia de las \u00faltimas tendencias y tecnolog\u00edas en servicios legales y contables. La innovaci\u00f3n es parte de nuestro ADN, permiti\u00e9ndonos ofrecer soluciones modernas y eficientes.<\/p><p>\u00a0<\/p>                                    <\/div>\n                                <\/div>\n                            <\/div>\n\n\t\t\t\t\t\t\t                    <\/div>\n\n\t\t\t\t\n        <\/div>\n\n\t\t\t\t<\/div>\n\t\t\t\t<\/div>\n\t\t\t\t\t<\/div>\n\t\t<\/div>\n\t\t\t\t\t\t\t<\/div>\n\t\t<\/section>\n\t\t\t\t\t\t\t<\/div>\n\t\t","protected":false},"excerpt":{"rendered":"<p>Lockley Robinson: M\u00e1s all\u00e1 de la asesor\u00eda, creando trayectorias de \u00e9xito empresarial En Lockley Robinson, no somos solo un despacho jur\u00eddico y contable; somos arquitectos de trayectorias empresariales exitosas. Fundada con la visi\u00f3n de proporcionar servicios integrales y personalizados, nuestra empresa se ha convertido en un faro de excelencia en el mundo legal y contable. [&hellip;]<\/p>\n","protected":false},"author":1,"featured_media":0,"parent":0,"menu_order":0,"comment_status":"closed","ping_status":"closed","template":"","meta":{"footnotes":""},"class_list":["post-43","page","type-page","status-publish","hentry"],"_links":{"self":[{"href":"https:\/\/lockleyrobinson.com.mx\/index.php\/wp-json\/wp\/v2\/pages\/43","targetHints":{"allow":["GET"]}}],"collection":[{"href":"https:\/\/lockleyrobinson.com.mx\/index.php\/wp-json\/wp\/v2\/pages"}],"about":[{"href":"https:\/\/lockleyrobinson.com.mx\/index.php\/wp-json\/wp\/v2\/types\/page"}],"author":[{"embeddable":true,"href":"https:\/\/lockleyrobinson.com.mx\/index.php\/wp-json\/wp\/v2\/users\/1"}],"replies":[{"embeddable":true,"href":"https:\/\/lockleyrobinson.com.mx\/index.php\/wp-json\/wp\/v2\/comments?post=43"}],"version-history":[{"count":17,"href":"https:\/\/lockleyrobinson.com.mx\/index.php\/wp-json\/wp\/v2\/pages\/43\/revisions"}],"predecessor-version":[{"id":490,"href":"https:\/\/lockleyrobinson.com.mx\/index.php\/wp-json\/wp\/v2\/pages\/43\/revisions\/490"}],"wp:attachment":[{"href":"https:\/\/lockleyrobinson.com.mx\/index.php\/wp-json\/wp\/v2\/media?parent=43"}],"curies":[{"name":"wp","href":"https:\/\/api.w.org\/{rel}","templated":true}]}}